{"id":17,"date":"2020-08-06T08:10:54","date_gmt":"2020-08-06T08:10:54","guid":{"rendered":"https:\/\/prepare.inoe.ro\/?page_id=17"},"modified":"2020-09-03T11:28:11","modified_gmt":"2020-09-03T11:28:11","slug":"mass-media","status":"publish","type":"page","link":"https:\/\/prepare.inoe.ro\/index.php\/mass-media\/","title":{"rendered":"Obiective"},"content":{"rendered":"\n<p><strong>Scop:<\/strong><\/p>\n\n\n\n<p>Cresterea participarii INOE (si \u00een subsidiar a tuturor organiza\u00feiilor de cercetare stiin\u00feifice partenere \u00een consor\u00feiul ACTRIS-RO) la Programele cadru de Cercetare ale Uniunii Europene &#8211; Orizont 2020 si la urmatorul program cadru de cercetare al UE, din perioada 2020-2027.<\/p>\n\n\n\n<p><strong>Obiective specifice:<\/strong><\/p>\n\n\n\n<ol class=\"wp-block-list\" type=\"1\"><li>\u00cenfiintarea si operarea Centrului Suport Orizont 2020 \u00een cadrul INCD-INOE 2000 (includerea sa \u00een organigrama institutului) si crearea documentelor sale de baza (misiune, viziune, regulament de functionare, capital uman, resurse necesare, etc.).<\/li><li>Instruirea personalului Centrului Suport Orizont 2020, \u00een managementul proiectelor europene de cercetare, in particular Orizont 2020.<\/li><li>Organizarea de ateliere de lucru pentru discutarea\/redactarea propunerilor de proiecte de cercetare europeana care vor fi depuse la H2020 sau programul cadru urmator.<\/li><\/ol>\n\n\n\n<p>Organizarea si participarea la activitati de diseminare prin care beneficiarii proiectului PREPARE vor putea fi informati despre activitatile acestuia si modul in care se pot implica \u00een acestea<\/p>\n\n\n\n<p><\/p>\n","protected":false},"excerpt":{"rendered":"<p>Scop: Cresterea participarii INOE (si \u00een subsidiar a tuturor organiza\u00feiilor de cercetare stiin\u00feifice partenere \u00een consor\u00feiul ACTRIS-RO) la Programele cadru de Cercetare ale Uniunii Europene &#8211; Orizont 2020 si la urmatorul program cadru de cercetare al UE, din perioada 2020-2027. Obiective specifice: \u00cenfiintarea si operarea Centrului Suport Orizont 2020 \u00een&hellip; <\/p>\n","protected":false},"author":1,"featured_media":0,"parent":0,"menu_order":0,"comment_status":"closed","ping_status":"closed","template":"","meta":{"footnotes":""},"class_list":["post-17","page","type-page","status-publish","hentry"],"_links":{"self":[{"href":"https:\/\/prepare.inoe.ro\/index.php\/wp-json\/wp\/v2\/pages\/17","targetHints":{"allow":["GET"]}}],"collection":[{"href":"https:\/\/prepare.inoe.ro\/index.php\/wp-json\/wp\/v2\/pages"}],"about":[{"href":"https:\/\/prepare.inoe.ro\/index.php\/wp-json\/wp\/v2\/types\/page"}],"author":[{"embeddable":true,"href":"https:\/\/prepare.inoe.ro\/index.php\/wp-json\/wp\/v2\/users\/1"}],"replies":[{"embeddable":true,"href":"https:\/\/prepare.inoe.ro\/index.php\/wp-json\/wp\/v2\/comments?post=17"}],"version-history":[{"count":2,"href":"https:\/\/prepare.inoe.ro\/index.php\/wp-json\/wp\/v2\/pages\/17\/revisions"}],"predecessor-version":[{"id":67,"href":"https:\/\/prepare.inoe.ro\/index.php\/wp-json\/wp\/v2\/pages\/17\/revisions\/67"}],"wp:attachment":[{"href":"https:\/\/prepare.inoe.ro\/index.php\/wp-json\/wp\/v2\/media?parent=17"}],"curies":[{"name":"wp","href":"https:\/\/api.w.org\/{rel}","templated":true}]}}